{"id":177,"date":"2016-12-02T02:27:28","date_gmt":"2016-12-02T02:27:28","guid":{"rendered":"https:\/\/www.rawan.ba\/?page_id=177"},"modified":"2023-09-20T20:33:10","modified_gmt":"2023-09-20T20:33:10","slug":"kontakt","status":"publish","type":"page","link":"https:\/\/www.fudo.ba\/ar\/kontakt\/","title":{"rendered":"Kontakt"},"content":{"rendered":"<div class=\"vc_row wpb_row vc_row-fluid\"><div class=\"wpb_column vc_column_container vc_col-sm-12\"><div class=\"vc_column-inner\"><div class=\"wpb_wrapper\"><div class=\"g5plus-space space-69e0ecfdda880\" data-id=\"69e0ecfdda880\" data-tablet=\"80\" data-tablet-portrait=\"60\" data-mobile=\"40\" data-mobile-landscape=\"50\" style=\"clear: both; display: block; height: 100px\"><\/div><\/div><\/div><\/div><div class=\"wpb_column vc_column_container vc_col-sm-12 vc_col-md-6\"><div class=\"vc_column-inner\"><div class=\"wpb_wrapper\"><div class=\"g5plus-heading style2 text-left color-dark vc_custom_1695241665923\" >\n    <span><\/span>\n                <h2>Na\u0161e informacije<\/h2>\n    <\/div><div class=\"g5plus-icon-box layout-left color-dark vc_custom_1695241596738\" >\n    <div class=\"icon-wrap\">\n    <i class=\"icon-location22\"><\/i>    <\/div>\n                <h6>Head Office<\/h6>\n                <p>DRU\u0160TVO SA OGRANI\u010cENOM ODGOVORNO\u0160\u0106U \"FUDO.BA\" d.o.o. Te\u0161anj<br \/>\n714260 Te\u0161anj<br \/>\n+387 61 153 155<br \/>\ninfo@fudo.ba<\/p>\n    <\/div><div class=\"g5plus-icon-box layout-left color-dark vc_custom_1695241838643\" >\n    <div class=\"icon-wrap\">\n    <i class=\"icon-phone-hang-up\"><\/i>    <\/div>\n                <h6>Kontakt telefon<\/h6>\n                <p>+387 61 153 155<\/p>\n    <\/div><div class=\"g5plus-icon-box layout-left color-dark vc_custom_1695241638017\" >\n    <div class=\"icon-wrap\">\n    <i class=\"icon-mail-envelope-open2\"><\/i>    <\/div>\n                <h6>E Mail adresa<\/h6>\n                <p>info@fudo.ba<\/p>\n    <\/div><\/div><\/div><\/div><div class=\"wpb_column vc_column_container vc_col-sm-12 vc_col-md-6\"><div class=\"vc_column-inner\"><div class=\"wpb_wrapper\"><div class=\"g5plus-heading style2 text-left color-dark vc_custom_1695241680471\" >\n    <span><\/span>\n                <h2>Po\u0161aljite nam poruku<\/h2>\n    <\/div><div role=\"form\" class=\"wpcf7\" id=\"wpcf7-f29-o1\" lang=\"en-US\" dir=\"ltr\">\n<div class=\"screen-reader-response\"><p role=\"status\" aria-live=\"polite\" aria-atomic=\"true\"><\/p> <ul><\/ul><\/div>\n<form action=\"\/ar\/wp-json\/wp\/v2\/pages\/177#wpcf7-f29-o1\" method=\"post\" class=\"wpcf7-form init\" novalidate=\"novalidate\" data-status=\"init\" data-trp-original-action=\"\/ar\/wp-json\/wp\/v2\/pages\/177#wpcf7-f29-o1\">\n<div style=\"display: none;\">\n<input type=\"hidden\" name=\"_wpcf7\" value=\"29\" \/>\n<input type=\"hidden\" name=\"_wpcf7_version\" value=\"5.6.3\" \/>\n<input type=\"hidden\" name=\"_wpcf7_locale\" value=\"en_US\" \/>\n<input type=\"hidden\" name=\"_wpcf7_unit_tag\" value=\"wpcf7-f29-o1\" \/>\n<input type=\"hidden\" name=\"_wpcf7_container_post\" value=\"0\" \/>\n<input type=\"hidden\" name=\"_wpcf7_posted_data_hash\" value=\"\" \/>\n<input type=\"hidden\" name=\"_wpcf7_recaptcha_response\" value=\"\" \/>\n<\/div>\n<div class=\"g5plus-contact-form column-3 row text-center\">\n<div class=\"col-md-4 col-sm-12 col-xs-12\">\n<span class=\"wpcf7-form-control-wrap\" data-name=\"your-name\"><input type=\"text\" name=\"your-name\" value=\"\" size=\"40\" class=\"wpcf7-form-control wpcf7-text\" aria-invalid=\"false\" placeholder=\"\u0627\u0644\u0627\u0633\u0645 \u0627\u0644\u0643\u0627\u0645\u0644\" \/><\/span>\n<\/div>\n<div class=\"col-md-4 col-sm-12 col-xs-12\">\n<span class=\"wpcf7-form-control-wrap\" data-name=\"your-email\"><input type=\"email\" name=\"your-email\" value=\"\" size=\"40\" class=\"wpcf7-form-control wpcf7-text wpcf7-email wpcf7-validates-as-required wpcf7-validates-as-email\" aria-required=\"true\" aria-invalid=\"false\" placeholder=\"\u0627\u0644\u0628\u0631\u064a\u062f \u0627\u0644\u0625\u0644\u0643\u062a\u0631\u0648\u0646\u064a\" \/><\/span>\n<\/div>\n<div class=\"col-md-4 col-sm-12 col-xs-12\">\n<span class=\"wpcf7-form-control-wrap\" data-name=\"your-subject\"><input type=\"text\" name=\"your-subject\" value=\"\" size=\"40\" class=\"wpcf7-form-control wpcf7-text\" aria-invalid=\"false\" placeholder=\"\u0627\u0644\u0645\u0648\u0636\u0648\u0639\" \/><\/span>\n<\/div>\n<div class=\"col-xs-12\">\n<span class=\"wpcf7-form-control-wrap\" data-name=\"your-message\"><textarea name=\"your-message\" cols=\"40\" rows=\"10\" class=\"wpcf7-form-control wpcf7-textarea\" aria-invalid=\"false\" placeholder=\"\u0631\u0633\u0627\u0644\u0629\"><\/textarea><\/span>\n<\/div>\n<div class=\"col-xs-12\">\n<button type=\"submit\" class=\"btn btn-lg btn-dark btn-classic btn-icon\" ><i class=\"fa fa-paper-plane\"><\/i><span>\u0627\u0631\u0633\u0644<\/span><\/button>\n<\/div>\n<\/div>\n<div class=\"wpcf7-response-output\" aria-hidden=\"true\"><\/div><input type=\"hidden\" name=\"trp-form-language\" value=\"ar\"\/><\/form><\/div><\/div><\/div><\/div><div class=\"wpb_column vc_column_container vc_col-sm-12\"><div class=\"vc_column-inner\"><div class=\"wpb_wrapper\"><div class=\"g5plus-space space-69e0ecfde0cd2\" data-id=\"69e0ecfde0cd2\" data-tablet=\"60\" data-tablet-portrait=\"40\" data-mobile=\"40\" data-mobile-landscape=\"40\" style=\"clear: both; display: block; height: 80px\"><\/div><\/div><\/div><\/div><\/div><div data-vc-full-width=\"true\" data-vc-full-width-init=\"false\" class=\"vc_row wpb_row vc_row-fluid vc_custom_1663967849228\"><div class=\"wpb_column vc_column_container vc_col-sm-12\"><div class=\"vc_column-inner\"><div class=\"wpb_wrapper\"><div class=\"g5plus-heading style2 text-left color-dark vc_custom_1695241757418\" >\n    <span><\/span>\n                <h2>Na\u0161a lokacija<\/h2>\n    <\/div><div class=\"wpb_gmaps_widget wpb_content_element vc_map_responsive\"><div class=\"wpb_wrapper\"><div class=\"wpb_map_wraper\"><iframe src=\"https:\/\/www.google.com\/maps\/embed?pb=!1m17!1m12!1m3!1d2840.151378006955!2d17.971171576227995!3d44.61437977107279!2m3!1f0!2f0!3f0!3m2!1i1024!2i768!4f13.1!3m2!1m1!2zNDTCsDM2JzUxLjgiTiAxN8KwNTgnMjUuNSJF!5e0!3m2!1shr!2sba!4v1695241737171!5m2!1shr!2sba\" width=\"600\" height=\"450\" style=\"border:0;\" allowfullscreen=\"\" loading=\"lazy\" referrerpolicy=\"no-referrer-when-downgrade\"><\/iframe><\/div><\/div><\/div><\/div><\/div><\/div><\/div><div class=\"vc_row-full-width vc_clearfix\"><\/div>","protected":false},"excerpt":{"rendered":"Na\u0161e informacije Head Office DRU\u0160TVO SA OGRANI\u010cENOM ODGOVORNO\u0160\u0106U \"FUDO.BA\" d.o.o. Te\u0161anj 714260 Te\u0161anj +387 61 153 155 info@fudo.ba Kontakt telefon +387 61 153 155 E Mail adresa info@fudo.ba Po\u0161aljite nam poruku SEND Na\u0161a lokacija","protected":false},"author":1,"featured_media":0,"parent":0,"menu_order":0,"comment_status":"closed","ping_status":"closed","template":"","meta":{"footnotes":""},"_links":{"self":[{"href":"https:\/\/www.fudo.ba\/ar\/wp-json\/wp\/v2\/pages\/177"}],"collection":[{"href":"https:\/\/www.fudo.ba\/ar\/wp-json\/wp\/v2\/pages"}],"about":[{"href":"https:\/\/www.fudo.ba\/ar\/wp-json\/wp\/v2\/types\/page"}],"author":[{"embeddable":true,"href":"https:\/\/www.fudo.ba\/ar\/wp-json\/wp\/v2\/users\/1"}],"replies":[{"embeddable":true,"href":"https:\/\/www.fudo.ba\/ar\/wp-json\/wp\/v2\/comments?post=177"}],"version-history":[{"count":17,"href":"https:\/\/www.fudo.ba\/ar\/wp-json\/wp\/v2\/pages\/177\/revisions"}],"predecessor-version":[{"id":5502,"href":"https:\/\/www.fudo.ba\/ar\/wp-json\/wp\/v2\/pages\/177\/revisions\/5502"}],"wp:attachment":[{"href":"https:\/\/www.fudo.ba\/ar\/wp-json\/wp\/v2\/media?parent=177"}],"curies":[{"name":"wp","href":"https:\/\/api.w.org\/{rel}","templated":true}]}}